{"id":354,"date":"2023-11-15T00:09:05","date_gmt":"2023-11-14T23:09:05","guid":{"rendered":"https:\/\/sorene.be\/?page_id=354"},"modified":"2025-08-28T14:22:31","modified_gmt":"2025-08-28T12:22:31","slug":"equipe-pedagogique","status":"publish","type":"page","link":"https:\/\/sorene.be\/?page_id=354","title":{"rendered":"Equipe p\u00e9dagogique"},"content":{"rendered":"\t\t<div data-elementor-type=\"wp-page\" data-elementor-id=\"354\" class=\"elementor elementor-354\">\n\t\t\t\t\t\t\t\t\t<section class=\"elementor-section elementor-top-section elementor-element elementor-element-2a4f45b elementor-section-boxed elementor-section-height-default elementor-section-height-default\" data-id=\"2a4f45b\" data-element_type=\"section\">\n\t\t\t\t\t\t<div class=\"elementor-container elementor-column-gap-default\">\n\t\t\t\t\t<div class=\"elementor-column elementor-col-100 elementor-top-column elementor-element elementor-element-53261c4\" data-id=\"53261c4\" data-element_type=\"column\">\n\t\t\t<div class=\"elementor-widget-wrap elementor-element-populated\">\n\t\t\t\t\t\t\t\t\t<\/div>\n\t\t<\/div>\n\t\t\t\t\t\t\t<\/div>\n\t\t<\/section>\n\t\t\t\t<section class=\"elementor-section elementor-top-section elementor-element elementor-element-1758d04 elementor-section-boxed elementor-section-height-default elementor-section-height-default\" data-id=\"1758d04\" data-element_type=\"section\">\n\t\t\t\t\t\t<div class=\"elementor-container elementor-column-gap-default\">\n\t\t\t\t\t<div class=\"elementor-column elementor-col-50 elementor-top-column elementor-element elementor-element-7c4ff58\" data-id=\"7c4ff58\" data-element_type=\"column\">\n\t\t\t<div class=\"elementor-widget-wrap elementor-element-populated\">\n\t\t\t\t\t\t\t\t<div class=\"elementor-element elementor-element-51ce72a elementor-widget elementor-widget-heading\" data-id=\"51ce72a\" data-element_type=\"widget\" data-widget_type=\"heading.default\">\n\t\t\t\t<div class=\"elementor-widget-container\">\n\t\t\t<style>\/*! elementor - v3.17.0 - 08-11-2023 *\/\n.elementor-heading-title{padding:0;margin:0;line-height:1}.elementor-widget-heading .elementor-heading-title[class*=elementor-size-]>a{color:inherit;font-size:inherit;line-height:inherit}.elementor-widget-heading .elementor-heading-title.elementor-size-small{font-size:15px}.elementor-widget-heading .elementor-heading-title.elementor-size-medium{font-size:19px}.elementor-widget-heading .elementor-heading-title.elementor-size-large{font-size:29px}.elementor-widget-heading .elementor-heading-title.elementor-size-xl{font-size:39px}.elementor-widget-heading .elementor-heading-title.elementor-size-xxl{font-size:59px}<\/style><h2 class=\"elementor-heading-title elementor-size-default\">Cindy Rasez<\/h2>\t\t<\/div>\n\t\t\t\t<\/div>\n\t\t\t\t<div class=\"elementor-element elementor-element-a1f9a99 elementor-widget elementor-widget-text-editor\" data-id=\"a1f9a99\" data-element_type=\"widget\" data-widget_type=\"text-editor.default\">\n\t\t\t\t<div class=\"elementor-widget-container\">\n\t\t\t<style>\/*! elementor - v3.17.0 - 08-11-2023 *\/\n.elementor-widget-text-editor.elementor-drop-cap-view-stacked .elementor-drop-cap{background-color:#69727d;color:#fff}.elementor-widget-text-editor.elementor-drop-cap-view-framed .elementor-drop-cap{color:#69727d;border:3px solid;background-color:transparent}.elementor-widget-text-editor:not(.elementor-drop-cap-view-default) .elementor-drop-cap{margin-top:8px}.elementor-widget-text-editor:not(.elementor-drop-cap-view-default) .elementor-drop-cap-letter{width:1em;height:1em}.elementor-widget-text-editor .elementor-drop-cap{float:left;text-align:center;line-height:1;font-size:50px}.elementor-widget-text-editor .elementor-drop-cap-letter{display:inline-block}<\/style>\t\t\t\t<p><span style=\"color: #003366; letter-spacing: 4px; text-align: right; text-transform: uppercase; white-space-collapse: preserve;\"><strong>UNE ACCOMPAGNATRICE MONTESSORIENNE PASSIONN\u00c9E<\/strong> <\/span><\/p><p>Avec 19 ann\u00e9es de pratique dans l&#8217;enseignement, Cindy est une fervente partisane de la <strong>p\u00e9dagogie Montessori<\/strong>. Forte de quatre ann\u00e9es d&#8217;exp\u00e9rience dans des classes Montessori, elle a pu observer les b\u00e9n\u00e9fices de cette approche sur le d\u00e9veloppement global de l&#8217;enfant.<\/p><p>Son parcours initial <strong>d&#8217;institutrice<\/strong>, associ\u00e9 \u00e0 des formations compl\u00e9mentaires en <strong>art du spectacle<\/strong> et en <strong>philosophie<\/strong>, lui permet d&#8217;enrichir encore davantage ses pratiques p\u00e9dagogiques.<\/p><p><strong>Cindy est une \u00e9ducatrice bienveillante et passionn\u00e9e qui croit en l&#8217;unicit\u00e9 de chaque enfant. <\/strong>Elle con\u00e7oit des espaces d&#8217;apprentissage personnalis\u00e9s o\u00f9 chacun peut explorer, exp\u00e9rimenter et grandir \u00e0 son propre rythme. Gr\u00e2ce \u00e0 une p\u00e9dagogie adapt\u00e9e et \u00e0 des activit\u00e9s riches et vari\u00e9es, elle stimule la curiosit\u00e9 <strong>des enfants de 3 \u00e0 6 ans<\/strong>, favorisant ainsi leur d\u00e9veloppement global et leur confiance en soi.<\/p>\t\t\t\t\t\t<\/div>\n\t\t\t\t<\/div>\n\t\t\t\t\t<\/div>\n\t\t<\/div>\n\t\t\t\t<div class=\"elementor-column elementor-col-50 elementor-top-column elementor-element elementor-element-087841a\" data-id=\"087841a\" data-element_type=\"column\">\n\t\t\t<div class=\"elementor-widget-wrap elementor-element-populated\">\n\t\t\t\t\t\t\t\t<div class=\"elementor-element elementor-element-79f2329 elementor-widget__width-initial elementor-widget elementor-widget-image\" data-id=\"79f2329\" data-element_type=\"widget\" data-widget_type=\"image.default\">\n\t\t\t\t<div class=\"elementor-widget-container\">\n\t\t\t<style>\/*! elementor - v3.17.0 - 08-11-2023 *\/\n.elementor-widget-image{text-align:center}.elementor-widget-image a{display:inline-block}.elementor-widget-image a img[src$=\".svg\"]{width:48px}.elementor-widget-image img{vertical-align:middle;display:inline-block}<\/style>\t\t\t\t\t\t\t\t\t\t\t\t<img loading=\"lazy\" decoding=\"async\" width=\"150\" height=\"150\" src=\"https:\/\/sorene.be\/wp-content\/uploads\/2024\/06\/vecteezy_woman-face-expression-clipart-design-illustration_9380330-150x150.png\" class=\"attachment-thumbnail size-thumbnail wp-image-1445\" alt=\"\" \/>\t\t\t\t\t\t\t\t\t\t\t\t\t\t\t<\/div>\n\t\t\t\t<\/div>\n\t\t\t\t\t<\/div>\n\t\t<\/div>\n\t\t\t\t\t\t\t<\/div>\n\t\t<\/section>\n\t\t\t\t<section class=\"elementor-section elementor-top-section elementor-element elementor-element-ae3b269 elementor-section-content-middle elementor-section-boxed elementor-section-height-default elementor-section-height-default\" data-id=\"ae3b269\" data-element_type=\"section\">\n\t\t\t\t\t\t<div class=\"elementor-container elementor-column-gap-no\">\n\t\t\t\t\t<div class=\"elementor-column elementor-col-50 elementor-top-column elementor-element elementor-element-ef99e44\" data-id=\"ef99e44\" data-element_type=\"column\">\n\t\t\t<div class=\"elementor-widget-wrap elementor-element-populated\">\n\t\t\t\t\t\t\t\t<div class=\"elementor-element elementor-element-aa5a23d elementor-widget__width-initial elementor-widget elementor-widget-image\" data-id=\"aa5a23d\" data-element_type=\"widget\" data-widget_type=\"image.default\">\n\t\t\t\t<div class=\"elementor-widget-container\">\n\t\t\t\t\t\t\t\t\t\t\t\t\t\t\t<img loading=\"lazy\" decoding=\"async\" width=\"150\" height=\"150\" src=\"https:\/\/sorene.be\/wp-content\/uploads\/2024\/06\/vecteezy_woman-face-expression-clipart-design-illustration_9380330-150x150.png\" class=\"attachment-thumbnail size-thumbnail wp-image-1445\" alt=\"\" \/>\t\t\t\t\t\t\t\t\t\t\t\t\t\t\t<\/div>\n\t\t\t\t<\/div>\n\t\t\t\t\t<\/div>\n\t\t<\/div>\n\t\t\t\t<div class=\"elementor-column elementor-col-50 elementor-top-column elementor-element elementor-element-3c4228f\" data-id=\"3c4228f\" data-element_type=\"column\">\n\t\t\t<div class=\"elementor-widget-wrap elementor-element-populated\">\n\t\t\t\t\t\t\t\t<div class=\"elementor-element elementor-element-d2e2008 elementor-widget elementor-widget-heading\" data-id=\"d2e2008\" data-element_type=\"widget\" data-widget_type=\"heading.default\">\n\t\t\t\t<div class=\"elementor-widget-container\">\n\t\t\t<h2 class=\"elementor-heading-title elementor-size-default\">Sophie<\/h2>\t\t<\/div>\n\t\t\t\t<\/div>\n\t\t\t\t<div class=\"elementor-element elementor-element-2156959 elementor-widget elementor-widget-heading\" data-id=\"2156959\" data-element_type=\"widget\" data-widget_type=\"heading.default\">\n\t\t\t\t<div class=\"elementor-widget-container\">\n\t\t\t<h6 class=\"elementor-heading-title elementor-size-default\">Un parcours inspirant : De professeur de math\u00e9matiques \u00e0 formatrice en autolouange et directrice d'\u00e9cole<\/h6>\t\t<\/div>\n\t\t\t\t<\/div>\n\t\t\t\t<div class=\"elementor-element elementor-element-2fb990a elementor-widget elementor-widget-text-editor\" data-id=\"2fb990a\" data-element_type=\"widget\" data-widget_type=\"text-editor.default\">\n\t\t\t\t<div class=\"elementor-widget-container\">\n\t\t\t\t\t\t\t<p><strong>Passionn\u00e9e par l&#8217;\u00e9ducation et le d\u00e9veloppement personnel<\/strong>,\u00a0j&#8217;ai d\u00e9but\u00e9 ma carri\u00e8re en tant que professeur de math\u00e9matiques.\u00a0Anim\u00e9e par le d\u00e9sir d&#8217;innover et de proposer une approche p\u00e9dagogique plus riche et plus stimulante,\u00a0je me suis form\u00e9e aux pratiques de Marie Milis,\u00a0une pionni\u00e8re de l&#8217;\u00e9ducation alternative.\u00a0<\/p><p><strong>M\u00e8re de famille<\/strong>,\u00a0j&#8217;ai ensuite d\u00e9cid\u00e9 de mettre mes comp\u00e9tences et ma vision au service d&#8217;un projet qui me tenait \u00e0 c\u0153ur:la cr\u00e9ation d&#8217;une \u00e9cole alternative pour les enfants de 3 \u00e0 12 ans.\u00a0Convaincue du potentiel de ce syst\u00e8me \u00e9ducatif,\u00a0j&#8217;ai souhait\u00e9 offrir aux enfants un environnement propice \u00e0 leur \u00e9panouissement et \u00e0 l&#8217;apprentissage par la d\u00e9couverte.<\/p><p><strong>Soucieuse de me perfectionner<\/strong>,\u00a0j&#8217;ai suivi la formation &#8220;\u00e9cole alternative&#8221; \u00e0 l&#8217;Universit\u00e9 Vivante en Ard\u00e8che donn\u00e9e par Sophie Rabhi. J&#8217;ai\u00a0\u00e9galement \u00e9t\u00e9 accompagn\u00e9e par Marie Milis et Charles Pepinster pour bonifier nos pratiques dans Sor\u00e8ne. Je me suis \u00e9galement form\u00e9e en\u00a0gouvernance partag\u00e9e afin que notre \u00e9cole soit la plus horizontale\u00a0possible.\u00a0Ces exp\u00e9riences m&#8217;ont permis d&#8217;acqu\u00e9rir de nouvelles connaissances et d&#8217;affiner ma vision de l&#8217;\u00e9ducation.<\/p><p><strong>Aujourd&#8217;hui, je mets mon expertise au service des enseignants<\/strong>\u00a0en leur proposant des formations \u00e0 une technique exceptionnelle :\u00a0l&#8217;autolouange.\u00a0Cette approche,\u00a0qui vise \u00e0 stimuler la confiance en soi et la cr\u00e9ativit\u00e9,\u00a0permet aux \u00e9l\u00e8ves de s&#8217;affirmer et de s&#8217;\u00e9panouir pleinement.<\/p><p><strong>Mon parcours est jalonn\u00e9 d&#8217;apprentissages et de r\u00e9alisations<\/strong>,\u00a0tous guid\u00e9s par une passion in\u00e9branlable pour l&#8217;\u00e9ducation et le d\u00e9veloppement du potentiel humain.\u00a0Je suis convaincue que chaque enfant poss\u00e8de des talents uniques qu&#8217;il ne s&#8217;agit que de r\u00e9v\u00e9ler et d&#8217;encourager.\u00a0C&#8217;est dans cette optique que je transmets mes savoirs et mon enthousiasme aux enseignants et aux \u00e9l\u00e8ves,\u00a0afin de contribuer \u00e0 cr\u00e9er un monde o\u00f9 chacun peut s&#8217;\u00e9panouir et briller de mille feux.<\/p>\t\t\t\t\t\t<\/div>\n\t\t\t\t<\/div>\n\t\t\t\t\t<\/div>\n\t\t<\/div>\n\t\t\t\t\t\t\t<\/div>\n\t\t<\/section>\n\t\t\t\t\t\t\t<\/div>\n\t\t","protected":false},"excerpt":{"rendered":"<p>Cindy Rasez UNE ACCOMPAGNATRICE MONTESSORIENNE PASSIONN\u00c9E Avec 19 ann\u00e9es de pratique dans l&#8217;enseignement, Cindy est une fervente partisane de la p\u00e9dagogie Montessori. Forte de quatre ann\u00e9es d&#8217;exp\u00e9rience dans des classes Montessori, elle a pu observer les b\u00e9n\u00e9fices de cette approche sur le d\u00e9veloppement global de l&#8217;enfant. Son parcours initial d&#8217;institutrice, associ\u00e9 \u00e0 des formations compl\u00e9mentaires [&hellip;]<\/p>\n","protected":false},"author":1,"featured_media":0,"parent":0,"menu_order":0,"comment_status":"closed","ping_status":"closed","template":"","meta":{"footnotes":""},"class_list":["post-354","page","type-page","status-publish","hentry"],"_links":{"self":[{"href":"https:\/\/sorene.be\/index.php?rest_route=\/wp\/v2\/pages\/354","targetHints":{"allow":["GET"]}}],"collection":[{"href":"https:\/\/sorene.be\/index.php?rest_route=\/wp\/v2\/pages"}],"about":[{"href":"https:\/\/sorene.be\/index.php?rest_route=\/wp\/v2\/types\/page"}],"author":[{"embeddable":true,"href":"https:\/\/sorene.be\/index.php?rest_route=\/wp\/v2\/users\/1"}],"replies":[{"embeddable":true,"href":"https:\/\/sorene.be\/index.php?rest_route=%2Fwp%2Fv2%2Fcomments&post=354"}],"version-history":[{"count":28,"href":"https:\/\/sorene.be\/index.php?rest_route=\/wp\/v2\/pages\/354\/revisions"}],"predecessor-version":[{"id":1946,"href":"https:\/\/sorene.be\/index.php?rest_route=\/wp\/v2\/pages\/354\/revisions\/1946"}],"wp:attachment":[{"href":"https:\/\/sorene.be\/index.php?rest_route=%2Fwp%2Fv2%2Fmedia&parent=354"}],"curies":[{"name":"wp","href":"https:\/\/api.w.org\/{rel}","templated":true}]}}