{"id":1913,"date":"2025-08-04T23:13:19","date_gmt":"2025-08-04T21:13:19","guid":{"rendered":"https:\/\/sorene.be\/?page_id=1913"},"modified":"2026-02-11T20:08:59","modified_gmt":"2026-02-11T19:08:59","slug":"et-vous-souhaitez-vous-faire-partie-de-laventure-sorene-devenez-membre","status":"publish","type":"page","link":"https:\/\/sorene.be\/?page_id=1913","title":{"rendered":"Et vous, souhaitez-vous faire partie de l\u2019aventure sor\u00e8ne ? Devenez membre !"},"content":{"rendered":"<style>\/*! elementor - v3.17.0 - 08-11-2023 *\/<br \/>\n.elementor-heading-title{padding:0;margin:0;line-height:1}.elementor-widget-heading .elementor-heading-title[class*=elementor-size-]>a{color:inherit;font-size:inherit;line-height:inherit}.elementor-widget-heading .elementor-heading-title.elementor-size-small{font-size:15px}.elementor-widget-heading .elementor-heading-title.elementor-size-medium{font-size:19px}.elementor-widget-heading .elementor-heading-title.elementor-size-large{font-size:29px}.elementor-widget-heading .elementor-heading-title.elementor-size-xl{font-size:39px}.elementor-widget-heading .elementor-heading-title.elementor-size-xxl{font-size:59px}<\/style>\n<h2>souhaitez-vous faire partie de l\u2019aventure sor\u00e8ne ? Devenez membre !<\/h2>\n<p>\n\n\n<\/p>\n<p>Pour seulement 5\u20ac par mois ou 60\u20ac l&#8217;ann\u00e9e \u00e0 verser sur le compte Sor\u00e8ne ASBL BE37 3631 8856 6828, vous recevrez mensuellement \u00ab Le Petit Sor\u00e9nien \u00bb, un journal rempli de nouvelles et d&#8217;anecdotes sur les exp\u00e9riences enrichissantes v\u00e9cues par nos enfants. Votre soutien financier est essentiel pour assurer la p\u00e9rennit\u00e9 de nos projets et continuer \u00e0 offrir un environnement d&#8217;apprentissage unique et magique.<br \/><br \/>Devenez membre en cliquant sur le bouton ci-dessous.<br \/><br \/><\/p>\n<p>\n\n\n","protected":false},"excerpt":{"rendered":"<p>souhaitez-vous faire partie de l\u2019aventure sor\u00e8ne ? Devenez membre ! Pour seulement 5\u20ac par mois ou 60\u20ac l&#8217;ann\u00e9e \u00e0 verser sur le compte Sor\u00e8ne ASBL BE37 3631 8856 6828, vous recevrez mensuellement \u00ab Le Petit Sor\u00e9nien \u00bb, un journal rempli de nouvelles et d&#8217;anecdotes sur les exp\u00e9riences enrichissantes v\u00e9cues par nos enfants. Votre soutien financier [&hellip;]<\/p>\n","protected":false},"author":1,"featured_media":0,"parent":0,"menu_order":0,"comment_status":"closed","ping_status":"closed","template":"","meta":{"footnotes":""},"class_list":["post-1913","page","type-page","status-publish","hentry"],"_links":{"self":[{"href":"https:\/\/sorene.be\/index.php?rest_route=\/wp\/v2\/pages\/1913","targetHints":{"allow":["GET"]}}],"collection":[{"href":"https:\/\/sorene.be\/index.php?rest_route=\/wp\/v2\/pages"}],"about":[{"href":"https:\/\/sorene.be\/index.php?rest_route=\/wp\/v2\/types\/page"}],"author":[{"embeddable":true,"href":"https:\/\/sorene.be\/index.php?rest_route=\/wp\/v2\/users\/1"}],"replies":[{"embeddable":true,"href":"https:\/\/sorene.be\/index.php?rest_route=%2Fwp%2Fv2%2Fcomments&post=1913"}],"version-history":[{"count":20,"href":"https:\/\/sorene.be\/index.php?rest_route=\/wp\/v2\/pages\/1913\/revisions"}],"predecessor-version":[{"id":2034,"href":"https:\/\/sorene.be\/index.php?rest_route=\/wp\/v2\/pages\/1913\/revisions\/2034"}],"wp:attachment":[{"href":"https:\/\/sorene.be\/index.php?rest_route=%2Fwp%2Fv2%2Fmedia&parent=1913"}],"curies":[{"name":"wp","href":"https:\/\/api.w.org\/{rel}","templated":true}]}}